{"id":1392,"date":"2022-05-21T20:19:37","date_gmt":"2022-05-21T18:19:37","guid":{"rendered":"http:\/\/assglobaltrading-importexport.com\/?page_id=1392"},"modified":"2022-05-21T20:21:57","modified_gmt":"2022-05-21T18:21:57","slug":"produits","status":"publish","type":"page","link":"https:\/\/assglobaltrading-importexport.com\/index.php\/produits\/","title":{"rendered":"Produits"},"content":{"rendered":"<ol>\n<li><a href=\"https:\/\/assglobaltrading-importexport.com\/index.php\/voitures-camions\/\">Voitures &amp; Camions<\/a><\/li>\n<li><a href=\"https:\/\/assglobaltrading-importexport.com\/index.php\/pneus\/\">Pneus Nouveaux &amp; Occasion<\/a><\/li>\n<li><a href=\"https:\/\/assglobaltrading-importexport.com\/index.php\/pieces-detachees\/\">Pi\u00e8ces d\u00e9tach\u00e9es toutes marques<\/a><\/li>\n<li><a href=\"https:\/\/assglobaltrading-importexport.com\/index.php\/engins-genie-civil\/\">Engins G\u00e9nie Civil<\/a><\/li>\n<li><a href=\"https:\/\/assglobaltrading-importexport.com\/index.php\/location-grue\/\">Location Grue<\/a><\/li>\n<li><a href=\"https:\/\/assglobaltrading-importexport.com\/index.php\/vente-huile-lubrifiant\/\">Huile Lubrifiant<\/a><\/li>\n<li><a href=\"https:\/\/assglobaltrading-importexport.com\/index.php\/vente-batterie-auto\/\">Batterie Auto<\/a><\/li>\n<li><a href=\"https:\/\/assglobaltrading-importexport.com\/index.php\/motos-scooter-jakarta-tricycle\/\">Motos Scooter jakarta<\/a><\/li>\n<li><a href=\"https:\/\/assglobaltrading-importexport.com\/index.php\/produits-alimentaires\/\">Produits Denr\u00e9es Alimentaires<\/a><\/li>\n<li><a href=\"https:\/\/assglobaltrading-importexport.com\/index.php\/cosmetiques-anti-moustiques\/\">Cosm\u00e9tiques &amp; Anti Moustiques<\/a><\/li>\n<li><a href=\"https:\/\/assglobaltrading-importexport.com\/index.php\/produits-electroniques-et-bureautique\/\">Produits Electroniques &amp; Bureautiques<\/a><\/li>\n<\/ol>\n","protected":false},"excerpt":{"rendered":"<p>Voitures &amp; Camions Pneus Nouveaux &amp; Occasion Pi\u00e8ces d\u00e9tach\u00e9es toutes marques Engins G\u00e9nie Civil Location Grue Huile Lubrifiant Batterie Auto Motos Scooter jakarta Produits Denr\u00e9es Alimentaires Cosm\u00e9tiques &amp; Anti Moustiques Produits Electroniques &amp; Bureautiques<\/p>\n","protected":false},"author":1,"featured_media":0,"parent":0,"menu_order":0,"comment_status":"closed","ping_status":"closed","template":"","meta":{"site-sidebar-layout":"default","site-content-layout":"default","ast-site-content-layout":"","site-content-style":"default","site-sidebar-style":"default","ast-global-header-display":"","ast-banner-title-visibility":"","ast-main-header-display":"","ast-hfb-above-header-display":"","ast-hfb-below-header-display":"","ast-hfb-mobile-header-display":"","site-post-title":"","ast-breadcrumbs-content":"","ast-featured-img":"","footer-sml-layout":"","theme-transparent-header-meta":"default","adv-header-id-meta":"","stick-header-meta":"","header-above-stick-meta":"","header-main-stick-meta":"","header-below-stick-meta":"","astra-migrate-meta-layouts":"default","ast-page-background-enabled":"default","ast-page-background-meta":{"desktop":{"background-color":"","background-image":"","background-repeat":"repeat","background-position":"center center","background-size":"auto","background-attachment":"scroll","background-type":"","background-media":"","overlay-type":"","overlay-color":"","overlay-opacity":"","overlay-gradient":""},"tablet":{"background-color":"","background-image":"","background-repeat":"repeat","background-position":"center center","background-size":"auto","background-attachment":"scroll","background-type":"","background-media":"","overlay-type":"","overlay-color":"","overlay-opacity":"","overlay-gradient":""},"mobile":{"background-color":"","background-image":"","background-repeat":"repeat","background-position":"center center","background-size":"auto","background-attachment":"scroll","background-type":"","background-media":"","overlay-type":"","overlay-color":"","overlay-opacity":"","overlay-gradient":""}},"ast-content-background-meta":{"desktop":{"background-color":"var(--ast-global-color-5)","background-image":"","background-repeat":"repeat","background-position":"center center","background-size":"auto","background-attachment":"scroll","background-type":"","background-media":"","overlay-type":"","overlay-color":"","overlay-opacity":"","overlay-gradient":""},"tablet":{"background-color":"var(--ast-global-color-5)","background-image":"","background-repeat":"repeat","background-position":"center center","background-size":"auto","background-attachment":"scroll","background-type":"","background-media":"","overlay-type":"","overlay-color":"","overlay-opacity":"","overlay-gradient":""},"mobile":{"background-color":"var(--ast-global-color-5)","background-image":"","background-repeat":"repeat","background-position":"center center","background-size":"auto","background-attachment":"scroll","background-type":"","background-media":"","overlay-type":"","overlay-color":"","overlay-opacity":"","overlay-gradient":""}},"footnotes":""},"class_list":["post-1392","page","type-page","status-publish","hentry"],"_links":{"self":[{"href":"https:\/\/assglobaltrading-importexport.com\/index.php\/wp-json\/wp\/v2\/pages\/1392","targetHints":{"allow":["GET"]}}],"collection":[{"href":"https:\/\/assglobaltrading-importexport.com\/index.php\/wp-json\/wp\/v2\/pages"}],"about":[{"href":"https:\/\/assglobaltrading-importexport.com\/index.php\/wp-json\/wp\/v2\/types\/page"}],"author":[{"embeddable":true,"href":"https:\/\/assglobaltrading-importexport.com\/index.php\/wp-json\/wp\/v2\/users\/1"}],"replies":[{"embeddable":true,"href":"https:\/\/assglobaltrading-importexport.com\/index.php\/wp-json\/wp\/v2\/comments?post=1392"}],"version-history":[{"count":2,"href":"https:\/\/assglobaltrading-importexport.com\/index.php\/wp-json\/wp\/v2\/pages\/1392\/revisions"}],"predecessor-version":[{"id":1397,"href":"https:\/\/assglobaltrading-importexport.com\/index.php\/wp-json\/wp\/v2\/pages\/1392\/revisions\/1397"}],"wp:attachment":[{"href":"https:\/\/assglobaltrading-importexport.com\/index.php\/wp-json\/wp\/v2\/media?parent=1392"}],"curies":[{"name":"wp","href":"https:\/\/api.w.org\/{rel}","templated":true}]}}