{"id":1423,"date":"2022-05-21T21:25:10","date_gmt":"2022-05-21T19:25:10","guid":{"rendered":"http:\/\/assglobaltrading-importexport.com\/?page_id=1423"},"modified":"2022-06-25T13:50:22","modified_gmt":"2022-06-25T11:50:22","slug":"a-propos","status":"publish","type":"page","link":"https:\/\/assglobaltrading-importexport.com\/index.php\/a-propos\/","title":{"rendered":"A Propos"},"content":{"rendered":"\t\t<div data-elementor-type=\"wp-page\" data-elementor-id=\"1423\" class=\"elementor elementor-1423\">\n\t\t\t\t\t\t<section class=\"elementor-section elementor-top-section elementor-element elementor-element-341f8dd0 elementor-section-stretched elementor-section-boxed elementor-section-height-default elementor-section-height-default\" data-id=\"341f8dd0\" data-element_type=\"section\" data-settings=\"{&quot;background_background&quot;:&quot;slideshow&quot;,&quot;background_slideshow_gallery&quot;:[{&quot;id&quot;:1648,&quot;url&quot;:&quot;https:\\\/\\\/assglobaltrading-importexport.com\\\/wp-content\\\/uploads\\\/2022\\\/06\\\/AGTTTT-copie-scaled.jpg&quot;}],&quot;background_slideshow_slide_duration&quot;:2000,&quot;background_slideshow_transition_duration&quot;:1500,&quot;stretch_section&quot;:&quot;section-stretched&quot;,&quot;background_slideshow_loop&quot;:&quot;yes&quot;,&quot;background_slideshow_slide_transition&quot;:&quot;fade&quot;}\">\n\t\t\t\t\t\t\t<div class=\"elementor-background-overlay\"><\/div>\n\t\t\t\t\t\t\t<div class=\"elementor-container elementor-column-gap-no\">\n\t\t\t\t\t<div class=\"elementor-column elementor-col-100 elementor-top-column elementor-element elementor-element-183f5b40\" data-id=\"183f5b40\" data-element_type=\"column\" data-settings=\"{&quot;background_background&quot;:&quot;classic&quot;}\">\n\t\t\t<div class=\"elementor-widget-wrap elementor-element-populated\">\n\t\t\t\t\t<div class=\"elementor-background-overlay\"><\/div>\n\t\t\t\t\t\t<div class=\"elementor-element elementor-element-499453eb elementor-widget-divider--view-line elementor-widget elementor-widget-divider\" data-id=\"499453eb\" data-element_type=\"widget\" data-widget_type=\"divider.default\">\n\t\t\t\t<div class=\"elementor-widget-container\">\n\t\t\t\t\t\t\t<div class=\"elementor-divider\">\n\t\t\t<span class=\"elementor-divider-separator\">\n\t\t\t\t\t\t<\/span>\n\t\t<\/div>\n\t\t\t\t\t\t<\/div>\n\t\t\t\t<\/div>\n\t\t\t\t<div class=\"elementor-element elementor-element-35e432b elementor-widget elementor-widget-heading\" data-id=\"35e432b\" data-element_type=\"widget\" data-widget_type=\"heading.default\">\n\t\t\t\t<div class=\"elementor-widget-container\">\n\t\t\t\t\t<h1 class=\"elementor-heading-title elementor-size-default\">\u00c0 props de nous<\/h1>\t\t\t\t<\/div>\n\t\t\t\t<\/div>\n\t\t\t\t\t<\/div>\n\t\t<\/div>\n\t\t\t\t\t<\/div>\n\t\t<\/section>\n\t\t\t\t<section class=\"elementor-section elementor-top-section elementor-element elementor-element-72096d7 elementor-section-boxed elementor-section-height-default elementor-section-height-default\" data-id=\"72096d7\" data-element_type=\"section\">\n\t\t\t\t\t\t<div class=\"elementor-container elementor-column-gap-default\">\n\t\t\t\t\t<div class=\"elementor-column elementor-col-100 elementor-top-column elementor-element elementor-element-655e2c2\" data-id=\"655e2c2\" data-element_type=\"column\">\n\t\t\t<div class=\"elementor-widget-wrap elementor-element-populated\">\n\t\t\t\t\t\t<div class=\"elementor-element elementor-element-8aa0ff3 elementor-widget elementor-widget-heading\" data-id=\"8aa0ff3\" data-element_type=\"widget\" data-widget_type=\"heading.default\">\n\t\t\t\t<div class=\"elementor-widget-container\">\n\t\t\t\t\t<h2 class=\"elementor-heading-title elementor-size-default\">Presentations de la Structure<\/h2>\t\t\t\t<\/div>\n\t\t\t\t<\/div>\n\t\t\t\t\t<\/div>\n\t\t<\/div>\n\t\t\t\t\t<\/div>\n\t\t<\/section>\n\t\t\t\t<section class=\"elementor-section elementor-top-section elementor-element elementor-element-8f1a714 elementor-section-full_width elementor-section-height-default elementor-section-height-default\" data-id=\"8f1a714\" data-element_type=\"section\">\n\t\t\t\t\t\t<div class=\"elementor-container elementor-column-gap-default\">\n\t\t\t\t\t<div class=\"elementor-column elementor-col-100 elementor-top-column elementor-element elementor-element-fa1a9cc\" data-id=\"fa1a9cc\" data-element_type=\"column\">\n\t\t\t<div class=\"elementor-widget-wrap elementor-element-populated\">\n\t\t\t\t\t\t<div class=\"elementor-element elementor-element-1a1343d e-transform e-transform elementor-widget elementor-widget-text-editor\" data-id=\"1a1343d\" data-element_type=\"widget\" data-settings=\"{&quot;_transform_scale_effect&quot;:{&quot;unit&quot;:&quot;px&quot;,&quot;size&quot;:1,&quot;sizes&quot;:[]},&quot;_transform_translateX_effect&quot;:{&quot;unit&quot;:&quot;px&quot;,&quot;size&quot;:&quot;&quot;,&quot;sizes&quot;:[]},&quot;_transform_translateX_effect_tablet&quot;:{&quot;unit&quot;:&quot;px&quot;,&quot;size&quot;:&quot;&quot;,&quot;sizes&quot;:[]},&quot;_transform_translateX_effect_mobile&quot;:{&quot;unit&quot;:&quot;px&quot;,&quot;size&quot;:&quot;&quot;,&quot;sizes&quot;:[]},&quot;_transform_translateY_effect&quot;:{&quot;unit&quot;:&quot;px&quot;,&quot;size&quot;:&quot;&quot;,&quot;sizes&quot;:[]},&quot;_transform_translateY_effect_tablet&quot;:{&quot;unit&quot;:&quot;px&quot;,&quot;size&quot;:&quot;&quot;,&quot;sizes&quot;:[]},&quot;_transform_translateY_effect_mobile&quot;:{&quot;unit&quot;:&quot;px&quot;,&quot;size&quot;:&quot;&quot;,&quot;sizes&quot;:[]},&quot;_transform_scale_effect_tablet&quot;:{&quot;unit&quot;:&quot;px&quot;,&quot;size&quot;:&quot;&quot;,&quot;sizes&quot;:[]},&quot;_transform_scale_effect_mobile&quot;:{&quot;unit&quot;:&quot;px&quot;,&quot;size&quot;:&quot;&quot;,&quot;sizes&quot;:[]}}\" data-widget_type=\"text-editor.default\">\n\t\t\t\t<div class=\"elementor-widget-container\">\n\t\t\t\t\t\t\t\t\t<h2 class=\"MsoNormal\" style=\"margin: 0cm 0cm 8pt; line-height: 15.6933px; font-size: 11pt; font-family: Calibri, sans-serif; color: #000000; font-style: normal; font-weight: 400;\"><span lang=\"EN-US\" style=\"font-size: 9pt; line-height: 12.84px;\">Ass Global Trading est une Soci\u00e9t\u00e9 Senegalaise d&#8217;import export <\/span><span lang=\"EN-US\" style=\"font-size: 6pt; line-height: 8.56px;\">\u00a0<\/span><span lang=\"EN-US\" style=\"font-size: 9pt; line-height: 12.84px;\">Dans diff\u00e9rentes pays Don importation et exportation d&#8217;Europe, d&#8217;Asie, d&#8217;Am\u00e9rique. et Afrique sous regions.<\/span><\/h2><p class=\"MsoNormal\" style=\"margin: 0cm 0cm 8pt; line-height: 15.6933px; font-size: 11pt; font-family: Calibri, sans-serif; color: #000000; font-style: normal; font-weight: 400;\"><span lang=\"EN-US\" style=\"font-size: 10pt; line-height: 14.2667px;\">Une Enterprise\u00a0 de Distribution de produits et Services disposant d&#8217;un vaste reseau de commercialisation a travers le Senegal. <\/span><span lang=\"EN-US\">Dot\u00e9es d&#8217;une forte experience<\/span><\/p><p><span lang=\"EN-US\" style=\"color: #000000; font-size: 11pt; line-height: 15.6933px; font-family: Calibri, sans-serif;\">R\u00e9seau d&#8217;import export et dans la distribution de masse des produits nous mettons \u00e0 votre disposition une large game de diff\u00e9rentes produits<\/span><\/p>\t\t\t\t\t\t\t\t<\/div>\n\t\t\t\t<\/div>\n\t\t\t\t\t<\/div>\n\t\t<\/div>\n\t\t\t\t\t<\/div>\n\t\t<\/section>\n\t\t\t\t<section class=\"elementor-section elementor-top-section elementor-element elementor-element-0415538 elementor-section-boxed elementor-section-height-default elementor-section-height-default\" data-id=\"0415538\" data-element_type=\"section\">\n\t\t\t\t\t\t<div class=\"elementor-container elementor-column-gap-default\">\n\t\t\t\t\t<div class=\"elementor-column elementor-col-100 elementor-top-column elementor-element elementor-element-cc70f8f\" data-id=\"cc70f8f\" data-element_type=\"column\">\n\t\t\t<div class=\"elementor-widget-wrap elementor-element-populated\">\n\t\t\t\t\t\t<div class=\"elementor-element elementor-element-ecc5ca8 elementor-widget elementor-widget-heading\" data-id=\"ecc5ca8\" data-element_type=\"widget\" data-widget_type=\"heading.default\">\n\t\t\t\t<div class=\"elementor-widget-container\">\n\t\t\t\t\t<h2 class=\"elementor-heading-title elementor-size-default\">Nos Services<\/h2>\t\t\t\t<\/div>\n\t\t\t\t<\/div>\n\t\t\t\t\t<\/div>\n\t\t<\/div>\n\t\t\t\t\t<\/div>\n\t\t<\/section>\n\t\t\t\t<section class=\"elementor-section elementor-top-section elementor-element elementor-element-cbca845 elementor-section-full_width elementor-section-height-default elementor-section-height-default\" data-id=\"cbca845\" data-element_type=\"section\">\n\t\t\t\t\t\t<div class=\"elementor-container elementor-column-gap-narrow\">\n\t\t\t\t\t<div class=\"elementor-column elementor-col-100 elementor-top-column elementor-element elementor-element-4950b2d\" data-id=\"4950b2d\" data-element_type=\"column\">\n\t\t\t<div class=\"elementor-widget-wrap elementor-element-populated\">\n\t\t\t\t\t\t<div class=\"elementor-element elementor-element-a2e788c bdt-image-match-height-desktop--yes bdt-image-match-height-tablet--yes bdt-image-match-height-mobile--yes elementor-widget elementor-widget-prime-slider-isolate\" data-id=\"a2e788c\" data-element_type=\"widget\" data-widget_type=\"prime-slider-isolate.default\">\n\t\t\t\t<div class=\"elementor-widget-container\">\n\t\t\t\t\t\t\t\t<div class=\"bdt-prime-slider\">\n\n\t\t\t\t\n\t\t\t\t<div class=\"bdt-prime-slider-skin-isolate content-position-inherit content-position-column\" >\n\n\t\t\t\t<div class=\"bdt-position-relative bdt-visible-toggle\" bdt-slideshow=\"{&quot;animation&quot;:&quot;fade&quot;,&quot;ratio&quot;:&quot;16:9&quot;,&quot;min-height&quot;:595,&quot;autoplay&quot;:true,&quot;autoplay-interval&quot;:7000,&quot;pause-on-hover&quot;:false,&quot;velocity&quot;:1,&quot;finite&quot;:false}\" data-settings=\"{&quot;id&quot;:&quot;#bdt-a2e788c&quot;,&quot;animation_status&quot;:&quot;no&quot;}\" id=\"bdt-a2e788c\">\n\n\t\t\t\t\t<ul class=\"bdt-slideshow-items\">\n\t\t\n            <li class=\"bdt-slideshow-item bdt-flex bdt-flex-column bdt-flex-middle elementor-repeater-item-7236801 \">\n                <div class=\"bdt-width-1-1 bdt-width-1-2@s\">\n                                <div class=\"bdt-slideshow-content-wrapper\">\n                <div class=\"bdt-prime-slider-wrapper\">\n                    <div class=\"bdt-prime-slider-content\">\n                        <div class=\"bdt-prime-slider-desc\">\n\n\t\t\t\t\t\t\t\n                            \n                                                            <div class=\"bdt-slider-excerpt\" bdt-slideshow-parallax=\"y: 100,0,-80; opacity: 1,1,0\">\n                                    <p>* Vente de pieces Detachees et pi\u00e8ce de rechange d'origine.<\/p><p>*Vente des Pneus Neuf et occasion par Container 40 Pied.<\/p><p>* Vente et Commercialisation des Huiles Lubrifiants, automobile direct Usine.<\/p><p>* Vente Des Voiture &amp; Camion Neuf et occasion.<\/p><p>* Vente et Commercialisation des Batteries Automobile \/ filtre a Huil &amp; Moteur tout genre.<\/p><p>* Commercialisation des produits Alimentaires.<\/p><p>*Exportation des produits Agro Alimentaires .<\/p><p>* Commercialisation des produits Cosm\u00e9tiques . et Anti Moustiques.<\/p>                                <\/div>\n                            \n                            <div bdt-slideshow-parallax=\"y: 150,0,-100; opacity: 1,1,0\">\n                                \n\t\t\n\t\t\t<a class=\"bdt-slide-btn\" href=\"#\">\n\n\t\t\t\t\t\t\t\t<span class=\"bdt-prime-slider-button-wrapper\">\n\n\t\t\t\t\t<span class=\"bdt-prime-slider-button-text bdt-flex bdt-flex-middle bdt-flex-inline\">En savoir plus<span class=\"bdt-slide-btn-icon\"><svg width=\"20\" height=\"20\" viewBox=\"0 0 20 20\" xmlns=\"http:\/\/www.w3.org\/2000\/svg\" data-svg=\"arrow-right\"><polyline fill=\"none\" stroke=\"#000\" points=\"10 5 15 9.5 10 14\"><\/polyline><line fill=\"none\" stroke=\"#000\" x1=\"4\" y1=\"9.5\" x2=\"15\" y2=\"9.5\"><\/line><\/svg><\/span><\/span>\n\n\t\t\t\t<\/span>\n\n\n\t\t\t<\/a>\n\t\t\t\t\t\t\t\t\t<\/div>\n\t\t\t\t\t\t\t\n                        <\/div>\n\n                    <\/div>\n                <\/div>\n            <\/div>\n\n                        <\/div>\n                <div class=\"bdt-width-1-1 bdt-width-1-2@s bdt-match-height\">\n                    <div class=\"bdt-position-relative bdt-slide-overlay\">\n                                \n                                \n\t\t<img decoding=\"async\" src=\"https:\/\/assglobaltrading-importexport.com\/wp-content\/uploads\/2022\/06\/fszcMesa-de-trabajo-1-1.jpg\" alt=\"\">\n\n\t\t        \n                                    \n                                            <\/div>\n\t\t\t\t<\/div>\n\t\t\t\t            <\/li>\n\n        \n            <li class=\"bdt-slideshow-item bdt-flex bdt-flex-column bdt-flex-middle elementor-repeater-item-4bf0da7 \">\n                <div class=\"bdt-width-1-1 bdt-width-1-2@s\">\n                                <div class=\"bdt-slideshow-content-wrapper\">\n                <div class=\"bdt-prime-slider-wrapper\">\n                    <div class=\"bdt-prime-slider-content\">\n                        <div class=\"bdt-prime-slider-desc\">\n\n\t\t\t\t\t\t\t\n                            \n                                                            <div class=\"bdt-slider-excerpt\" bdt-slideshow-parallax=\"y: 100,0,-80; opacity: 1,1,0\">\n                                    <p>* Vente de pieces Detachees et pi\u00e8ce de rechange d'origine.<\/p><p>*Vente des Pneus Neuf et occasion par Container 40 Pied.<\/p><p>* Vente et Commercialisation des Huiles Lubrifiants, automobile direct Usine.<\/p><p>* Vente Des Voiture &amp; Camion Neuf et occasion.<\/p><p>* Vente et Commercialisation des Batteries Automobile \/ filtre a Huil &amp; Moteur tout genre.<\/p><p>* Commercialisation des produits Alimentaires.<\/p><p>*Exportation des produits Agro Alimentaires .<\/p><p>* Commercialisation des produits Cosm\u00e9tiques . et Anti Moustiques.<\/p>                                <\/div>\n                            \n                            <div bdt-slideshow-parallax=\"y: 150,0,-100; opacity: 1,1,0\">\n                                \n\t\t\n\t\t\t<a class=\"bdt-slide-btn\" href=\"#\">\n\n\t\t\t\t\t\t\t\t<span class=\"bdt-prime-slider-button-wrapper\">\n\n\t\t\t\t\t<span class=\"bdt-prime-slider-button-text bdt-flex bdt-flex-middle bdt-flex-inline\">En savoir plus<span class=\"bdt-slide-btn-icon\"><svg width=\"20\" height=\"20\" viewBox=\"0 0 20 20\" xmlns=\"http:\/\/www.w3.org\/2000\/svg\" data-svg=\"arrow-right\"><polyline fill=\"none\" stroke=\"#000\" points=\"10 5 15 9.5 10 14\"><\/polyline><line fill=\"none\" stroke=\"#000\" x1=\"4\" y1=\"9.5\" x2=\"15\" y2=\"9.5\"><\/line><\/svg><\/span><\/span>\n\n\t\t\t\t<\/span>\n\n\n\t\t\t<\/a>\n\t\t\t\t\t\t\t\t\t<\/div>\n\t\t\t\t\t\t\t\n                        <\/div>\n\n                    <\/div>\n                <\/div>\n            <\/div>\n\n                        <\/div>\n                <div class=\"bdt-width-1-1 bdt-width-1-2@s bdt-match-height\">\n                    <div class=\"bdt-position-relative bdt-slide-overlay\">\n                                \n                                \n\t\t<img decoding=\"async\" src=\"https:\/\/assglobaltrading-importexport.com\/wp-content\/uploads\/2022\/06\/bnxn-scaled.jpg\" alt=\"\">\n\n\t\t        \n                                    \n                                            <\/div>\n\t\t\t\t<\/div>\n\t\t\t\t            <\/li>\n\n        \n            <li class=\"bdt-slideshow-item bdt-flex bdt-flex-column bdt-flex-middle elementor-repeater-item-89dcb36 \">\n                <div class=\"bdt-width-1-1 bdt-width-1-2@s\">\n                                <div class=\"bdt-slideshow-content-wrapper\">\n                <div class=\"bdt-prime-slider-wrapper\">\n                    <div class=\"bdt-prime-slider-content\">\n                        <div class=\"bdt-prime-slider-desc\">\n\n\t\t\t\t\t\t\t\n                            \n                                                            <div class=\"bdt-slider-excerpt\" bdt-slideshow-parallax=\"y: 100,0,-80; opacity: 1,1,0\">\n                                    <p>* Vente de pieces Detachees et pi\u00e8ce de rechange d'origine.<\/p><p>*Vente des Pneus Neuf et occasion par Container 40 Pied.<\/p><p>* Vente et Commercialisation des Huiles Lubrifiants, automobile direct Usine.<\/p><p>* Vente Des Voiture &amp; Camion Neuf et occasion.<\/p><p>* Vente et Commercialisation des Batteries Automobile \/ filtre a Huil &amp; Moteur tout genre.<\/p><p>* Commercialisation des produits Alimentaires.<\/p><p>*Exportation des produits Agro Alimentaires .<\/p><p>* Commercialisation des produits Cosm\u00e9tiques . et Anti Moustiques.<\/p>                                <\/div>\n                            \n                            <div bdt-slideshow-parallax=\"y: 150,0,-100; opacity: 1,1,0\">\n                                \n\t\t\n\t\t\t<a class=\"bdt-slide-btn\" href=\"#\">\n\n\t\t\t\t\t\t\t\t<span class=\"bdt-prime-slider-button-wrapper\">\n\n\t\t\t\t\t<span class=\"bdt-prime-slider-button-text bdt-flex bdt-flex-middle bdt-flex-inline\">En savoir plus<span class=\"bdt-slide-btn-icon\"><svg width=\"20\" height=\"20\" viewBox=\"0 0 20 20\" xmlns=\"http:\/\/www.w3.org\/2000\/svg\" data-svg=\"arrow-right\"><polyline fill=\"none\" stroke=\"#000\" points=\"10 5 15 9.5 10 14\"><\/polyline><line fill=\"none\" stroke=\"#000\" x1=\"4\" y1=\"9.5\" x2=\"15\" y2=\"9.5\"><\/line><\/svg><\/span><\/span>\n\n\t\t\t\t<\/span>\n\n\n\t\t\t<\/a>\n\t\t\t\t\t\t\t\t\t<\/div>\n\t\t\t\t\t\t\t\n                        <\/div>\n\n                    <\/div>\n                <\/div>\n            <\/div>\n\n                        <\/div>\n                <div class=\"bdt-width-1-1 bdt-width-1-2@s bdt-match-height\">\n                    <div class=\"bdt-position-relative bdt-slide-overlay\">\n                                \n                                \n\t\t<img decoding=\"async\" src=\"https:\/\/assglobaltrading-importexport.com\/wp-content\/uploads\/2022\/06\/bvnvbcdx-1-scaled.jpg\" alt=\"\">\n\n\t\t        \n                                    \n                                            <\/div>\n\t\t\t\t<\/div>\n\t\t\t\t            <\/li>\n\n        \n                <\/ul>\n\n                \n                        <div class=\"bdt-flex bdt-flex-column bdt-navigation-arrows\">\n                <div class=\"bdt-width-expand@s\">\n                <\/div>\n                <div class=\"bdt-width-1-1 bdt-width-1-2@s\">\n                    <a class=\"bdt-prime-slider-previous\" href=\"#\" bdt-slideshow-item=\"previous\"><i class=\"ps-wi-arrow-left-5\"><\/i><\/a>\n        \n                    <a class=\"bdt-prime-slider-next\" href=\"#\" bdt-slideshow-item=\"next\"><i class=\"ps-wi-arrow-right-5\"><\/i><\/a>\n                <\/div>\n            <\/div>\n\n        \n\t\t\t\n\t\t                \n        \n            <ul class=\"bdt-slideshow-nav bdt-dotnav bdt-dotnav-vertical bdt-margin-medium-right bdt-position-center-right\"><\/ul>\n\n        \n        \t\t\t\t\n            <\/div>\n\t\t\t\t\t\t<div class=\"bdt-scroll-down-wrapper\">\n\t\t\t\t<span class=\"bdt-scroll-down\" data-settings=\"[]\" data-selector=\"#my-header\">\n\t\t\t\t\t\t\t\t<span bdt-scrollspy=\"cls: bdt-animation-slide-right; repeat: true\" class=\"bdt-prime-slider-button-wrapper bdt-scroll-down-content-wrapper\">\n\t\t\t\t<span class=\"bdt-scroll-icon\">\n                    <span class=\"ps-wi-arrow-down-4\"><\/span>\n\t\t\t\t<\/span>\n\t\t\t<\/span>\n\t\t\t\t\t\t<\/span>\n\t\t\t<\/div>\n\n\t\t\t\t<\/div>\n\t\t\n\t\t<div class=\"bdt-offcanvas\" id=\"bdt-offcanvas-a2e788c\" data-settings=\"{&quot;id&quot;:&quot;bdt-offcanvas-a2e788c&quot;,&quot;layout&quot;:&quot;default&quot;}\" bdt-offcanvas=\"mode: slide;\">\n\t\t\t<div class=\"bdt-offcanvas-bar\">\n\n\t\t\t\t\t\t\t\t\t<button class=\"bdt-offcanvas-close\" type=\"button\" bdt-close><\/button>\n\t\t\t\t\n\t\t\t\t\t\t\t\t\t\n\t\t\t\t\t\n\t\t\t\t\t\t\t\t\t\t\t\t<\/div>\n\t\t<\/div>\n\n\t\t        \t\t\t\t<\/div>\n\t\t\t\t<\/div>\n\t\t\t\t\t<\/div>\n\t\t<\/div>\n\t\t\t\t\t<\/div>\n\t\t<\/section>\n\t\t\t\t<\/div>\n\t\t","protected":false},"excerpt":{"rendered":"<p>\u00c0 props de nous Presentations de la Structure Ass Global Trading est une Soci\u00e9t\u00e9 Senegalaise d&#8217;import export \u00a0Dans diff\u00e9rentes pays Don importation et exportation d&#8217;Europe, d&#8217;Asie, d&#8217;Am\u00e9rique. et Afrique sous regions. Une Enterprise\u00a0 de Distribution de produits et Services disposant d&#8217;un vaste reseau de commercialisation a travers le Senegal. Dot\u00e9es d&#8217;une forte experience R\u00e9seau d&#8217;import [&hellip;]<\/p>\n","protected":false},"author":1,"featured_media":0,"parent":0,"menu_order":0,"comment_status":"closed","ping_status":"closed","template":"","meta":{"site-sidebar-layout":"default","site-content-layout":"default","ast-site-content-layout":"","site-content-style":"default","site-sidebar-style":"default","ast-global-header-display":"","ast-banner-title-visibility":"","ast-main-header-display":"","ast-hfb-above-header-display":"","ast-hfb-below-header-display":"","ast-hfb-mobile-header-display":"","site-post-title":"","ast-breadcrumbs-content":"","ast-featured-img":"","footer-sml-layout":"","theme-transparent-header-meta":"default","adv-header-id-meta":"","stick-header-meta":"","header-above-stick-meta":"","header-main-stick-meta":"","header-below-stick-meta":"","astra-migrate-meta-layouts":"default","ast-page-background-enabled":"default","ast-page-background-meta":{"desktop":{"background-color":"","background-image":"","background-repeat":"repeat","background-position":"center center","background-size":"auto","background-attachment":"scroll","background-type":"","background-media":"","overlay-type":"","overlay-color":"","overlay-opacity":"","overlay-gradient":""},"tablet":{"background-color":"","background-image":"","background-repeat":"repeat","background-position":"center center","background-size":"auto","background-attachment":"scroll","background-type":"","background-media":"","overlay-type":"","overlay-color":"","overlay-opacity":"","overlay-gradient":""},"mobile":{"background-color":"","background-image":"","background-repeat":"repeat","background-position":"center center","background-size":"auto","background-attachment":"scroll","background-type":"","background-media":"","overlay-type":"","overlay-color":"","overlay-opacity":"","overlay-gradient":""}},"ast-content-background-meta":{"desktop":{"background-color":"var(--ast-global-color-5)","background-image":"","background-repeat":"repeat","background-position":"center center","background-size":"auto","background-attachment":"scroll","background-type":"","background-media":"","overlay-type":"","overlay-color":"","overlay-opacity":"","overlay-gradient":""},"tablet":{"background-color":"var(--ast-global-color-5)","background-image":"","background-repeat":"repeat","background-position":"center center","background-size":"auto","background-attachment":"scroll","background-type":"","background-media":"","overlay-type":"","overlay-color":"","overlay-opacity":"","overlay-gradient":""},"mobile":{"background-color":"var(--ast-global-color-5)","background-image":"","background-repeat":"repeat","background-position":"center center","background-size":"auto","background-attachment":"scroll","background-type":"","background-media":"","overlay-type":"","overlay-color":"","overlay-opacity":"","overlay-gradient":""}},"footnotes":""},"class_list":["post-1423","page","type-page","status-publish","hentry"],"_links":{"self":[{"href":"https:\/\/assglobaltrading-importexport.com\/index.php\/wp-json\/wp\/v2\/pages\/1423","targetHints":{"allow":["GET"]}}],"collection":[{"href":"https:\/\/assglobaltrading-importexport.com\/index.php\/wp-json\/wp\/v2\/pages"}],"about":[{"href":"https:\/\/assglobaltrading-importexport.com\/index.php\/wp-json\/wp\/v2\/types\/page"}],"author":[{"embeddable":true,"href":"https:\/\/assglobaltrading-importexport.com\/index.php\/wp-json\/wp\/v2\/users\/1"}],"replies":[{"embeddable":true,"href":"https:\/\/assglobaltrading-importexport.com\/index.php\/wp-json\/wp\/v2\/comments?post=1423"}],"version-history":[{"count":223,"href":"https:\/\/assglobaltrading-importexport.com\/index.php\/wp-json\/wp\/v2\/pages\/1423\/revisions"}],"predecessor-version":[{"id":2623,"href":"https:\/\/assglobaltrading-importexport.com\/index.php\/wp-json\/wp\/v2\/pages\/1423\/revisions\/2623"}],"wp:attachment":[{"href":"https:\/\/assglobaltrading-importexport.com\/index.php\/wp-json\/wp\/v2\/media?parent=1423"}],"curies":[{"name":"wp","href":"https:\/\/api.w.org\/{rel}","templated":true}]}}